{"id":1019,"date":"2023-12-29T13:11:10","date_gmt":"2023-12-29T13:11:10","guid":{"rendered":"https:\/\/vanxhaber.com\/index.php\/tiehome\/"},"modified":"2023-12-30T16:34:47","modified_gmt":"2023-12-30T16:34:47","slug":"tiehome","status":"publish","type":"page","link":"https:\/\/vanxhaber.com\/","title":{"rendered":"Home"},"content":{"rendered":"","protected":false},"excerpt":{"rendered":"","protected":false},"author":1,"featured_media":0,"parent":0,"menu_order":0,"comment_status":"closed","ping_status":"closed","template":"","meta":{"googlesitekit_rrm_CAowot3VCw:productID":"","footnotes":""},"class_list":["post-1019","page","type-page","status-publish","hentry"],"yoast_head":"<!-- This site is optimized with the Yoast SEO Premium plugin v21.7 (Yoast SEO v26.7) - https:\/\/yoast.com\/wordpress\/plugins\/seo\/ -->\n<title>Van Haber | Van X Haber | Van Haberleri - Van Haber, Van&#039;\u0131n ilk yapay zeka teknolojileri ile yaz\u0131lan Van X Haber ve Van Haberlerini aktif g\u00fcncel sunan tek vanhaber merkezidir.<\/title>\n<meta name=\"description\" content=\"Van Haber, En g\u00fcncel Van Haberleri platformu ve haber sitesi olarak sizlere tarafs\u0131zca Van Haber hizmeti sa\u011flamaktad\u0131r.\" \/>\n<meta name=\"robots\" content=\"index, follow, max-snippet:-1, max-image-preview:large, max-video-preview:-1\" \/>\n<link rel=\"canonical\" href=\"https:\/\/vanxhaber.com\/\" \/>\n<meta property=\"og:locale\" content=\"tr_TR\" \/>\n<meta property=\"og:type\" content=\"article\" \/>\n<meta property=\"og:title\" content=\"Home\" \/>\n<meta property=\"og:description\" content=\"Van Haber, En g\u00fcncel Van Haberleri platformu ve haber sitesi olarak sizlere tarafs\u0131zca Van Haber hizmeti sa\u011flamaktad\u0131r.\" \/>\n<meta property=\"og:url\" content=\"https:\/\/vanxhaber.com\/\" \/>\n<meta property=\"og:site_name\" content=\"Van Haber | Van X Haber | Van Haberleri\" \/>\n<meta property=\"article:modified_time\" content=\"2023-12-30T16:34:47+00:00\" \/>\n<meta name=\"twitter:card\" content=\"summary_large_image\" \/>\n<script type=\"application\/ld+json\" class=\"yoast-schema-graph\">{\"@context\":\"https:\/\/schema.org\",\"@graph\":[{\"@type\":\"WebPage\",\"@id\":\"https:\/\/vanxhaber.com\/\",\"url\":\"https:\/\/vanxhaber.com\/\",\"name\":\"Van Haber | Van X Haber | Van Haberleri - Van Haber, Van&#039;\u0131n ilk yapay zeka teknolojileri ile yaz\u0131lan Van X Haber ve Van Haberlerini aktif g\u00fcncel sunan tek vanhaber merkezidir.\",\"isPartOf\":{\"@id\":\"https:\/\/vanxhaber.com\/#website\"},\"datePublished\":\"2023-12-29T13:11:10+00:00\",\"dateModified\":\"2023-12-30T16:34:47+00:00\",\"description\":\"Van Haber, En g\u00fcncel Van Haberleri platformu ve haber sitesi olarak sizlere tarafs\u0131zca Van Haber hizmeti sa\u011flamaktad\u0131r.\",\"breadcrumb\":{\"@id\":\"https:\/\/vanxhaber.com\/#breadcrumb\"},\"inLanguage\":\"tr\",\"potentialAction\":[{\"@type\":\"ReadAction\",\"target\":[\"https:\/\/vanxhaber.com\/\"]}]},{\"@type\":\"BreadcrumbList\",\"@id\":\"https:\/\/vanxhaber.com\/#breadcrumb\",\"itemListElement\":[{\"@type\":\"ListItem\",\"position\":1,\"name\":\"Anasayfa\",\"item\":\"https:\/\/vanxhaber.com\/\"},{\"@type\":\"ListItem\",\"position\":2,\"name\":\"Home\"}]},{\"@type\":\"WebSite\",\"@id\":\"https:\/\/vanxhaber.com\/#website\",\"url\":\"https:\/\/vanxhaber.com\/\",\"name\":\"Van Haber | Van X Haber | Van Haberleri\",\"description\":\"Van Haber, Van&#039;\u0131n ilk yapay zeka teknolojileri ile yaz\u0131lan Van X Haber ve Van Haberlerini aktif g\u00fcncel sunan tek vanhaber merkezidir.\",\"potentialAction\":[{\"@type\":\"SearchAction\",\"target\":{\"@type\":\"EntryPoint\",\"urlTemplate\":\"https:\/\/vanxhaber.com\/?s={search_term_string}\"},\"query-input\":{\"@type\":\"PropertyValueSpecification\",\"valueRequired\":true,\"valueName\":\"search_term_string\"}}],\"inLanguage\":\"tr\"}]}<\/script>\n<!-- \/ Yoast SEO Premium plugin. -->","yoast_head_json":{"title":"Van Haber | Van X Haber | Van Haberleri - Van Haber, Van&#039;\u0131n ilk yapay zeka teknolojileri ile yaz\u0131lan Van X Haber ve Van Haberlerini aktif g\u00fcncel sunan tek vanhaber merkezidir.","description":"Van Haber, En g\u00fcncel Van Haberleri platformu ve haber sitesi olarak sizlere tarafs\u0131zca Van Haber hizmeti sa\u011flamaktad\u0131r.","robots":{"index":"index","follow":"follow","max-snippet":"max-snippet:-1","max-image-preview":"max-image-preview:large","max-video-preview":"max-video-preview:-1"},"canonical":"https:\/\/vanxhaber.com\/","og_locale":"tr_TR","og_type":"article","og_title":"Home","og_description":"Van Haber, En g\u00fcncel Van Haberleri platformu ve haber sitesi olarak sizlere tarafs\u0131zca Van Haber hizmeti sa\u011flamaktad\u0131r.","og_url":"https:\/\/vanxhaber.com\/","og_site_name":"Van Haber | Van X Haber | Van Haberleri","article_modified_time":"2023-12-30T16:34:47+00:00","twitter_card":"summary_large_image","schema":{"@context":"https:\/\/schema.org","@graph":[{"@type":"WebPage","@id":"https:\/\/vanxhaber.com\/","url":"https:\/\/vanxhaber.com\/","name":"Van Haber | Van X Haber | Van Haberleri - Van Haber, Van&#039;\u0131n ilk yapay zeka teknolojileri ile yaz\u0131lan Van X Haber ve Van Haberlerini aktif g\u00fcncel sunan tek vanhaber merkezidir.","isPartOf":{"@id":"https:\/\/vanxhaber.com\/#website"},"datePublished":"2023-12-29T13:11:10+00:00","dateModified":"2023-12-30T16:34:47+00:00","description":"Van Haber, En g\u00fcncel Van Haberleri platformu ve haber sitesi olarak sizlere tarafs\u0131zca Van Haber hizmeti sa\u011flamaktad\u0131r.","breadcrumb":{"@id":"https:\/\/vanxhaber.com\/#breadcrumb"},"inLanguage":"tr","potentialAction":[{"@type":"ReadAction","target":["https:\/\/vanxhaber.com\/"]}]},{"@type":"BreadcrumbList","@id":"https:\/\/vanxhaber.com\/#breadcrumb","itemListElement":[{"@type":"ListItem","position":1,"name":"Anasayfa","item":"https:\/\/vanxhaber.com\/"},{"@type":"ListItem","position":2,"name":"Home"}]},{"@type":"WebSite","@id":"https:\/\/vanxhaber.com\/#website","url":"https:\/\/vanxhaber.com\/","name":"Van Haber | Van X Haber | Van Haberleri","description":"Van Haber, Van&#039;\u0131n ilk yapay zeka teknolojileri ile yaz\u0131lan Van X Haber ve Van Haberlerini aktif g\u00fcncel sunan tek vanhaber merkezidir.","potentialAction":[{"@type":"SearchAction","target":{"@type":"EntryPoint","urlTemplate":"https:\/\/vanxhaber.com\/?s={search_term_string}"},"query-input":{"@type":"PropertyValueSpecification","valueRequired":true,"valueName":"search_term_string"}}],"inLanguage":"tr"}]}},"_links":{"self":[{"href":"https:\/\/vanxhaber.com\/index.php\/wp-json\/wp\/v2\/pages\/1019","targetHints":{"allow":["GET"]}}],"collection":[{"href":"https:\/\/vanxhaber.com\/index.php\/wp-json\/wp\/v2\/pages"}],"about":[{"href":"https:\/\/vanxhaber.com\/index.php\/wp-json\/wp\/v2\/types\/page"}],"author":[{"embeddable":true,"href":"https:\/\/vanxhaber.com\/index.php\/wp-json\/wp\/v2\/users\/1"}],"replies":[{"embeddable":true,"href":"https:\/\/vanxhaber.com\/index.php\/wp-json\/wp\/v2\/comments?post=1019"}],"version-history":[{"count":2,"href":"https:\/\/vanxhaber.com\/index.php\/wp-json\/wp\/v2\/pages\/1019\/revisions"}],"predecessor-version":[{"id":2473,"href":"https:\/\/vanxhaber.com\/index.php\/wp-json\/wp\/v2\/pages\/1019\/revisions\/2473"}],"wp:attachment":[{"href":"https:\/\/vanxhaber.com\/index.php\/wp-json\/wp\/v2\/media?parent=1019"}],"curies":[{"name":"wp","href":"https:\/\/api.w.org\/{rel}","templated":true}]}}